{"id":73,"date":"2017-12-07T12:19:54","date_gmt":"2017-12-07T11:19:54","guid":{"rendered":"http:\/\/www.ingridesign.hu\/?page_id=73"},"modified":"2021-01-02T13:54:09","modified_gmt":"2021-01-02T12:54:09","slug":"garay-zsuzsanna-szinek-illusztaciok","status":"publish","type":"page","link":"https:\/\/www.ingridesign.hu\/?page_id=73","title":{"rendered":"Garay Zsuzsanna: Sz\u00ednek &#8211; illuszt\u00e1ci\u00f3k"},"content":{"rendered":"\n<p>Ebben a k\u00f6tetben illusztr\u00e1tork\u00e9nt m\u0171k\u00f6dtem egy\u00fctt, a bor\u00edt\u00f3n \u00e9s a k\u00f6nyvecsk\u00e9ben l\u00e9v\u0151 k\u00e9pek is az \u00e9n munk\u00e1im.<\/p>\n\n\n\n<p>A k\u00f6tet megjelent, k\u00f6nyvesboltokban el\u00e9rhet\u0151.<\/p>\n","protected":false},"excerpt":{"rendered":"<p>Ebben a k\u00f6tetben illusztr\u00e1tork\u00e9nt m\u0171k\u00f6dtem egy\u00fctt, a bor\u00edt\u00f3n \u00e9s a k\u00f6nyvecsk\u00e9ben l\u00e9v\u0151 k\u00e9pek is az \u00e9n munk\u00e1im. A k\u00f6tet megjelent, k\u00f6nyvesboltokban el\u00e9rhet\u0151.<\/p>\n","protected":false},"author":1,"featured_media":0,"parent":128,"menu_order":0,"comment_status":"closed","ping_status":"closed","template":"","meta":{"ngg_post_thumbnail":0,"footnotes":""},"class_list":["post-73","page","type-page","status-publish","hentry"],"_links":{"self":[{"href":"https:\/\/www.ingridesign.hu\/index.php?rest_route=\/wp\/v2\/pages\/73","targetHints":{"allow":["GET"]}}],"collection":[{"href":"https:\/\/www.ingridesign.hu\/index.php?rest_route=\/wp\/v2\/pages"}],"about":[{"href":"https:\/\/www.ingridesign.hu\/index.php?rest_route=\/wp\/v2\/types\/page"}],"author":[{"embeddable":true,"href":"https:\/\/www.ingridesign.hu\/index.php?rest_route=\/wp\/v2\/users\/1"}],"replies":[{"embeddable":true,"href":"https:\/\/www.ingridesign.hu\/index.php?rest_route=%2Fwp%2Fv2%2Fcomments&post=73"}],"version-history":[{"count":4,"href":"https:\/\/www.ingridesign.hu\/index.php?rest_route=\/wp\/v2\/pages\/73\/revisions"}],"predecessor-version":[{"id":332,"href":"https:\/\/www.ingridesign.hu\/index.php?rest_route=\/wp\/v2\/pages\/73\/revisions\/332"}],"up":[{"embeddable":true,"href":"https:\/\/www.ingridesign.hu\/index.php?rest_route=\/wp\/v2\/pages\/128"}],"wp:attachment":[{"href":"https:\/\/www.ingridesign.hu\/index.php?rest_route=%2Fwp%2Fv2%2Fmedia&parent=73"}],"curies":[{"name":"wp","href":"https:\/\/api.w.org\/{rel}","templated":true}]}}