{"id":82,"date":"2017-12-07T13:18:51","date_gmt":"2017-12-07T12:18:51","guid":{"rendered":"http:\/\/www.ingridesign.hu\/?page_id=82"},"modified":"2021-01-02T14:51:00","modified_gmt":"2021-01-02T13:51:00","slug":"fooldal","status":"publish","type":"page","link":"https:\/\/www.ingridesign.hu\/","title":{"rendered":"F\u0151oldal"},"content":{"rendered":"<h1 style=\"text-align: center;\">Kellemes n\u00e9zel\u0151d\u00e9st!<\/h1>\n<div style=\"background-color: #ac85a5; text-align: center;\">&nbsp;<\/div>\n<div>&nbsp;<\/div>\n<div>&nbsp;<\/div>\n\n\n<p><\/p>\n","protected":false},"excerpt":{"rendered":"<p>Kellemes n\u00e9zel\u0151d\u00e9st! &nbsp; &nbsp; &nbsp;<\/p>\n","protected":false},"author":1,"featured_media":345,"parent":0,"menu_order":0,"comment_status":"closed","ping_status":"closed","template":"","meta":{"ngg_post_thumbnail":0,"footnotes":""},"class_list":["post-82","page","type-page","status-publish","has-post-thumbnail","hentry"],"_links":{"self":[{"href":"https:\/\/www.ingridesign.hu\/index.php?rest_route=\/wp\/v2\/pages\/82","targetHints":{"allow":["GET"]}}],"collection":[{"href":"https:\/\/www.ingridesign.hu\/index.php?rest_route=\/wp\/v2\/pages"}],"about":[{"href":"https:\/\/www.ingridesign.hu\/index.php?rest_route=\/wp\/v2\/types\/page"}],"author":[{"embeddable":true,"href":"https:\/\/www.ingridesign.hu\/index.php?rest_route=\/wp\/v2\/users\/1"}],"replies":[{"embeddable":true,"href":"https:\/\/www.ingridesign.hu\/index.php?rest_route=%2Fwp%2Fv2%2Fcomments&post=82"}],"version-history":[{"count":9,"href":"https:\/\/www.ingridesign.hu\/index.php?rest_route=\/wp\/v2\/pages\/82\/revisions"}],"predecessor-version":[{"id":331,"href":"https:\/\/www.ingridesign.hu\/index.php?rest_route=\/wp\/v2\/pages\/82\/revisions\/331"}],"wp:featuredmedia":[{"embeddable":true,"href":"https:\/\/www.ingridesign.hu\/index.php?rest_route=\/wp\/v2\/media\/345"}],"wp:attachment":[{"href":"https:\/\/www.ingridesign.hu\/index.php?rest_route=%2Fwp%2Fv2%2Fmedia&parent=82"}],"curies":[{"name":"wp","href":"https:\/\/api.w.org\/{rel}","templated":true}]}}